{"id":28,"date":"2021-03-05T10:57:15","date_gmt":"2021-03-05T09:57:15","guid":{"rendered":"https:\/\/www.tresor-style.com\/?page_id=28"},"modified":"2021-03-21T19:11:24","modified_gmt":"2021-03-21T18:11:24","slug":"contact","status":"publish","type":"page","link":"https:\/\/www.tresor-style.com\/?page_id=28","title":{"rendered":"Contact"},"content":{"rendered":"\n<div class=\"wp-block-webfactory-map\"><div class=\"wp-block-webfactory-map\"><iframe loading=\"lazy\" width=\"100%\" height=\"332px\" src=\"https:\/\/www.google.com\/maps\/embed\/v1\/place?q=Amiens&amp;maptype=roadmap&amp;zoom=15&amp;key=AIzaSyAjyDspiPfzEfjRSS5fQzm-3jHFjHxeXB4\" frameborder=\"0\"><\/iframe><\/div><\/div>\n\n\n\n<div style=\"height:20px\" aria-hidden=\"true\" class=\"wp-block-spacer\"><\/div>\n\n\n\n<h3 class=\"has-text-align-center wp-block-heading\"><a rel=\"noreferrer noopener\" href=\"mailto:contact@tresor-style.com\" target=\"_blank\">contact@tresor-style.com<\/a><\/h3>\n\n\n\n<p class=\"has-text-align-center\">T\u00e9l\u00e9phone&nbsp;+33768809259<br>Facebook : <a rel=\"noreferrer noopener\" href=\"https:\/\/www.facebook.com\/By.Tnl.initiatives\/\" target=\"_blank\">Tr\u00e9sor Style<\/a>  &#8211;  Instagram : Tr\u00e9sor Style<\/p>\n\n\n\n<h4 class=\"has-text-align-center wp-block-heading\"><br><a rel=\"noreferrer noopener\" href=\"http:\/\/www.tresor-style.com\/\" target=\"_blank\">www.tresor-style.com<\/a><\/h4>\n","protected":false},"excerpt":{"rendered":"<p>contact@tresor-style.com T\u00e9l\u00e9phone&nbsp;+33768809259Facebook : Tr\u00e9sor Style &#8211; Instagram : Tr\u00e9sor Style www.tresor-style.com<\/p>\n","protected":false},"author":1,"featured_media":0,"parent":0,"menu_order":0,"comment_status":"closed","ping_status":"closed","template":"contact-page.php","meta":{"footnotes":""},"class_list":["post-28","page","type-page","status-publish","hentry"],"_links":{"self":[{"href":"https:\/\/www.tresor-style.com\/index.php?rest_route=\/wp\/v2\/pages\/28","targetHints":{"allow":["GET"]}}],"collection":[{"href":"https:\/\/www.tresor-style.com\/index.php?rest_route=\/wp\/v2\/pages"}],"about":[{"href":"https:\/\/www.tresor-style.com\/index.php?rest_route=\/wp\/v2\/types\/page"}],"author":[{"embeddable":true,"href":"https:\/\/www.tresor-style.com\/index.php?rest_route=\/wp\/v2\/users\/1"}],"replies":[{"embeddable":true,"href":"https:\/\/www.tresor-style.com\/index.php?rest_route=%2Fwp%2Fv2%2Fcomments&post=28"}],"version-history":[{"count":10,"href":"https:\/\/www.tresor-style.com\/index.php?rest_route=\/wp\/v2\/pages\/28\/revisions"}],"predecessor-version":[{"id":651,"href":"https:\/\/www.tresor-style.com\/index.php?rest_route=\/wp\/v2\/pages\/28\/revisions\/651"}],"wp:attachment":[{"href":"https:\/\/www.tresor-style.com\/index.php?rest_route=%2Fwp%2Fv2%2Fmedia&parent=28"}],"curies":[{"name":"wp","href":"https:\/\/api.w.org\/{rel}","templated":true}]}}