{"id":26,"date":"2021-03-05T10:56:56","date_gmt":"2021-03-05T09:56:56","guid":{"rendered":"https:\/\/www.tresor-style.com\/?page_id=26"},"modified":"2021-04-12T11:37:23","modified_gmt":"2021-04-12T09:37:23","slug":"mediation","status":"publish","type":"page","link":"https:\/\/www.tresor-style.com\/?page_id=26","title":{"rendered":"Les ateliers de m\u00e9diation couture"},"content":{"rendered":"\n<h3 class=\"has-text-align-center wp-block-heading\">Les ateliers de m\u00e9diation couture<\/h3>\n\n\n\n<div style=\"height:31px\" aria-hidden=\"true\" class=\"wp-block-spacer\"><\/div>\n\n\n\n<div class=\"wp-block-media-text alignwide has-media-on-the-right is-stacked-on-mobile is-vertically-aligned-center\"><figure class=\"wp-block-media-text__media\"><img loading=\"lazy\" decoding=\"async\" width=\"756\" height=\"1008\" src=\"https:\/\/www.tresor-style.com\/wp-content\/uploads\/2021\/03\/WhatsApp-Image-2021-03-08-at-15.34.49.jpeg\" alt=\"\" class=\"wp-image-188 size-full\" srcset=\"https:\/\/www.tresor-style.com\/wp-content\/uploads\/2021\/03\/WhatsApp-Image-2021-03-08-at-15.34.49.jpeg 756w, https:\/\/www.tresor-style.com\/wp-content\/uploads\/2021\/03\/WhatsApp-Image-2021-03-08-at-15.34.49-225x300.jpeg 225w, https:\/\/www.tresor-style.com\/wp-content\/uploads\/2021\/03\/WhatsApp-Image-2021-03-08-at-15.34.49-600x800.jpeg 600w, https:\/\/www.tresor-style.com\/wp-content\/uploads\/2021\/03\/WhatsApp-Image-2021-03-08-at-15.34.49-700x933.jpeg 700w\" sizes=\"auto, (max-width: 756px) 100vw, 756px\" \/><\/figure><div class=\"wp-block-media-text__content\">\n<p><strong><em>Tr\u00e9sor Style<\/em><\/strong> c&rsquo;est aussi des ateliers en prestation de service dans des \u00e9tablissements culturels, sociaux et m\u00e9dico-sociaux ou en partenariat avec les structures publiques et priv\u00e9es ainsi que les collectivit\u00e9s locales.<\/p>\n\n\n\n<p>Le but de ces ateliers est de :&nbsp;<\/p>\n\n\n\n<ul class=\"wp-block-list\"><li>Participer \u00e0 la cr\u00e9ation du lien social en s\u2019appuyant sur les missions des \u00e9tablissements ou des collectivit\u00e9s.&nbsp; <\/li><li>Apprendre les r\u00e8gles de base et la technique de couture aux personnes accueillies.&nbsp;&nbsp;&nbsp; <\/li><li>Favoriser l\u2019\u00e9change entre elles et&nbsp; les mener \u00e0 \u00e9changer et travailler ensemble dans un but tant individuel que collectif.<\/li><li>Stimuler la cr\u00e9ativit\u00e9, l\u2019imagination, la motricit\u00e9 fine, la solidarit\u00e9 et l\u2019esprit d\u2019\u00e9quipe.<\/li><li>D\u00e9velopper les capacit\u00e9s d\u2019apprentissage et d\u2019adaptation.<\/li><li>Permettre aux usagers de d\u00e9passer la peur, la timidit\u00e9 et autres difficult\u00e9s.<\/li><li>Valoriser leurs comp\u00e9tences et leur travail par des publications, expositions ou des d\u00e9fil\u00e9s de mode.<\/li><\/ul>\n\n\n\n<div style=\"height:20px\" aria-hidden=\"true\" class=\"wp-block-spacer\"><\/div>\n\n\n\n<p>Gr\u00e2ce \u00e0 ses comp\u00e9tences d\u2019\u00e9ducatrice sp\u00e9cialis\u00e9e et d&rsquo;animatrice BAFA, Tr\u00e9sor s\u2019adapter \u00e0 tout type de public dans diff\u00e9rents champ d\u2019intervention (pr\u00e9vention et protection de l\u2019enfance, politique de la ville, insertion socioprofessionnelle, handicap, sant\u00e9 publique et mentale (psychiatrie, g\u00e9riatrie, addictologie)&#8230;<\/p>\n<\/div><\/div>\n\n\n\n<div style=\"height:100px\" aria-hidden=\"true\" class=\"wp-block-spacer\"><\/div>\n\n\n\n<figure class=\"wp-block-gallery columns-3 is-cropped wp-block-gallery-1 is-layout-flex wp-block-gallery-is-layout-flex\"><ul class=\"blocks-gallery-grid\"><li class=\"blocks-gallery-item\"><figure><img loading=\"lazy\" decoding=\"async\" width=\"563\" height=\"1000\" src=\"https:\/\/www.tresor-style.com\/wp-content\/uploads\/2021\/03\/WhatsApp-Image-2021-03-08-at-15.39.01.jpeg\" alt=\"\" data-id=\"190\" data-full-url=\"https:\/\/www.tresor-style.com\/wp-content\/uploads\/2021\/03\/WhatsApp-Image-2021-03-08-at-15.39.01.jpeg\" data-link=\"https:\/\/www.tresor-style.com\/?attachment_id=190\" class=\"wp-image-190\" srcset=\"https:\/\/www.tresor-style.com\/wp-content\/uploads\/2021\/03\/WhatsApp-Image-2021-03-08-at-15.39.01.jpeg 563w, https:\/\/www.tresor-style.com\/wp-content\/uploads\/2021\/03\/WhatsApp-Image-2021-03-08-at-15.39.01-169x300.jpeg 169w\" sizes=\"auto, (max-width: 563px) 100vw, 563px\" \/><\/figure><\/li><li class=\"blocks-gallery-item\"><figure><img loading=\"lazy\" decoding=\"async\" width=\"1024\" height=\"924\" src=\"https:\/\/www.tresor-style.com\/wp-content\/uploads\/2021\/03\/WhatsApp-Image-2021-03-08-at-15.39.00-1024x924.jpeg\" alt=\"\" data-id=\"192\" data-full-url=\"https:\/\/www.tresor-style.com\/wp-content\/uploads\/2021\/03\/WhatsApp-Image-2021-03-08-at-15.39.00.jpeg\" data-link=\"https:\/\/www.tresor-style.com\/?attachment_id=192\" class=\"wp-image-192\" srcset=\"https:\/\/www.tresor-style.com\/wp-content\/uploads\/2021\/03\/WhatsApp-Image-2021-03-08-at-15.39.00-1024x924.jpeg 1024w, https:\/\/www.tresor-style.com\/wp-content\/uploads\/2021\/03\/WhatsApp-Image-2021-03-08-at-15.39.00-300x271.jpeg 300w, https:\/\/www.tresor-style.com\/wp-content\/uploads\/2021\/03\/WhatsApp-Image-2021-03-08-at-15.39.00-768x693.jpeg 768w, https:\/\/www.tresor-style.com\/wp-content\/uploads\/2021\/03\/WhatsApp-Image-2021-03-08-at-15.39.00-480x434.jpeg 480w, https:\/\/www.tresor-style.com\/wp-content\/uploads\/2021\/03\/WhatsApp-Image-2021-03-08-at-15.39.00-700x632.jpeg 700w, https:\/\/www.tresor-style.com\/wp-content\/uploads\/2021\/03\/WhatsApp-Image-2021-03-08-at-15.39.00-125x112.jpeg 125w, https:\/\/www.tresor-style.com\/wp-content\/uploads\/2021\/03\/WhatsApp-Image-2021-03-08-at-15.39.00.jpeg 1080w\" sizes=\"auto, (max-width: 1024px) 100vw, 1024px\" \/><\/figure><\/li><li class=\"blocks-gallery-item\"><figure><img loading=\"lazy\" decoding=\"async\" width=\"1008\" height=\"756\" src=\"https:\/\/www.tresor-style.com\/wp-content\/uploads\/2021\/03\/WhatsApp-Image-2021-03-08-at-16.10.14-2.jpeg\" alt=\"\" data-id=\"162\" data-full-url=\"https:\/\/www.tresor-style.com\/wp-content\/uploads\/2021\/03\/WhatsApp-Image-2021-03-08-at-16.10.14-2.jpeg\" data-link=\"https:\/\/www.tresor-style.com\/?attachment_id=162\" class=\"wp-image-162\" srcset=\"https:\/\/www.tresor-style.com\/wp-content\/uploads\/2021\/03\/WhatsApp-Image-2021-03-08-at-16.10.14-2.jpeg 1008w, https:\/\/www.tresor-style.com\/wp-content\/uploads\/2021\/03\/WhatsApp-Image-2021-03-08-at-16.10.14-2-300x225.jpeg 300w, https:\/\/www.tresor-style.com\/wp-content\/uploads\/2021\/03\/WhatsApp-Image-2021-03-08-at-16.10.14-2-768x576.jpeg 768w, https:\/\/www.tresor-style.com\/wp-content\/uploads\/2021\/03\/WhatsApp-Image-2021-03-08-at-16.10.14-2-800x600.jpeg 800w, https:\/\/www.tresor-style.com\/wp-content\/uploads\/2021\/03\/WhatsApp-Image-2021-03-08-at-16.10.14-2-700x525.jpeg 700w\" sizes=\"auto, (max-width: 1008px) 100vw, 1008px\" \/><\/figure><\/li><\/ul><figcaption class=\"blocks-gallery-caption\">Ateliers de m\u00e9diation couture avec avec les jeunes confi\u00e9s \u00e0 l&rsquo;Aide Sociale \u00e0 l&rsquo;enfance, avril 2020.<\/figcaption><\/figure>\n\n\n\n<div style=\"height:100px\" aria-hidden=\"true\" class=\"wp-block-spacer\"><\/div>\n\n\n\n<figure class=\"wp-block-gallery columns-3 is-cropped wp-block-gallery-2 is-layout-flex wp-block-gallery-is-layout-flex\"><ul class=\"blocks-gallery-grid\"><li class=\"blocks-gallery-item\"><figure><img loading=\"lazy\" decoding=\"async\" width=\"683\" height=\"1024\" src=\"https:\/\/www.tresor-style.com\/wp-content\/uploads\/2021\/03\/Tesor_30012021_DSC8494-683x1024.jpg\" alt=\"\" data-id=\"11\" data-full-url=\"https:\/\/www.tresor-style.com\/wp-content\/uploads\/2021\/03\/Tesor_30012021_DSC8494.jpg\" data-link=\"https:\/\/www.tresor-style.com\/?attachment_id=11\" class=\"wp-image-11\" srcset=\"https:\/\/www.tresor-style.com\/wp-content\/uploads\/2021\/03\/Tesor_30012021_DSC8494-683x1024.jpg 683w, https:\/\/www.tresor-style.com\/wp-content\/uploads\/2021\/03\/Tesor_30012021_DSC8494-200x300.jpg 200w, https:\/\/www.tresor-style.com\/wp-content\/uploads\/2021\/03\/Tesor_30012021_DSC8494-768x1151.jpg 768w, https:\/\/www.tresor-style.com\/wp-content\/uploads\/2021\/03\/Tesor_30012021_DSC8494-700x1049.jpg 700w, https:\/\/www.tresor-style.com\/wp-content\/uploads\/2021\/03\/Tesor_30012021_DSC8494.jpg 1001w\" sizes=\"auto, (max-width: 683px) 100vw, 683px\" \/><\/figure><\/li><li class=\"blocks-gallery-item\"><figure><img loading=\"lazy\" decoding=\"async\" width=\"683\" height=\"1024\" src=\"https:\/\/www.tresor-style.com\/wp-content\/uploads\/2021\/03\/Tesor_30012021_DSC8492-683x1024.jpg\" alt=\"\" data-id=\"10\" data-full-url=\"https:\/\/www.tresor-style.com\/wp-content\/uploads\/2021\/03\/Tesor_30012021_DSC8492.jpg\" data-link=\"https:\/\/www.tresor-style.com\/?attachment_id=10\" class=\"wp-image-10\" srcset=\"https:\/\/www.tresor-style.com\/wp-content\/uploads\/2021\/03\/Tesor_30012021_DSC8492-683x1024.jpg 683w, https:\/\/www.tresor-style.com\/wp-content\/uploads\/2021\/03\/Tesor_30012021_DSC8492-200x300.jpg 200w, https:\/\/www.tresor-style.com\/wp-content\/uploads\/2021\/03\/Tesor_30012021_DSC8492-768x1151.jpg 768w, https:\/\/www.tresor-style.com\/wp-content\/uploads\/2021\/03\/Tesor_30012021_DSC8492-700x1049.jpg 700w, https:\/\/www.tresor-style.com\/wp-content\/uploads\/2021\/03\/Tesor_30012021_DSC8492.jpg 1001w\" sizes=\"auto, (max-width: 683px) 100vw, 683px\" \/><\/figure><\/li><li class=\"blocks-gallery-item\"><figure><img loading=\"lazy\" decoding=\"async\" width=\"683\" height=\"1024\" src=\"https:\/\/www.tresor-style.com\/wp-content\/uploads\/2021\/03\/Tesor_30012021_DSC8478-683x1024.jpg\" alt=\"\" data-id=\"8\" data-full-url=\"https:\/\/www.tresor-style.com\/wp-content\/uploads\/2021\/03\/Tesor_30012021_DSC8478.jpg\" data-link=\"https:\/\/www.tresor-style.com\/?attachment_id=8\" class=\"wp-image-8\" srcset=\"https:\/\/www.tresor-style.com\/wp-content\/uploads\/2021\/03\/Tesor_30012021_DSC8478-683x1024.jpg 683w, https:\/\/www.tresor-style.com\/wp-content\/uploads\/2021\/03\/Tesor_30012021_DSC8478-200x300.jpg 200w, https:\/\/www.tresor-style.com\/wp-content\/uploads\/2021\/03\/Tesor_30012021_DSC8478-768x1151.jpg 768w, https:\/\/www.tresor-style.com\/wp-content\/uploads\/2021\/03\/Tesor_30012021_DSC8478-700x1049.jpg 700w, https:\/\/www.tresor-style.com\/wp-content\/uploads\/2021\/03\/Tesor_30012021_DSC8478.jpg 1001w\" sizes=\"auto, (max-width: 683px) 100vw, 683px\" \/><\/figure><\/li><\/ul><figcaption class=\"blocks-gallery-caption\">Robe r\u00e9alis\u00e9e dans le cadre des ateliers de m\u00e9diation couture avec les femmes demandeuses d&rsquo;asile en Centre d&rsquo;H\u00e9bergement des Demandeurs d&rsquo;Asile (CADA), juin 2018.<\/figcaption><\/figure>\n\n\n\n<div style=\"height:75px\" aria-hidden=\"true\" class=\"wp-block-spacer\"><\/div>\n\n\n\n<figure class=\"wp-block-gallery columns-3 is-cropped wp-block-gallery-3 is-layout-flex wp-block-gallery-is-layout-flex\"><ul class=\"blocks-gallery-grid\"><li class=\"blocks-gallery-item\"><figure><img loading=\"lazy\" decoding=\"async\" width=\"682\" height=\"1024\" src=\"https:\/\/www.tresor-style.com\/wp-content\/uploads\/2021\/04\/20191130_113520-682x1024.jpg\" alt=\"\" data-id=\"664\" data-full-url=\"https:\/\/www.tresor-style.com\/wp-content\/uploads\/2021\/04\/20191130_113520.jpg\" data-link=\"https:\/\/www.tresor-style.com\/?attachment_id=664\" class=\"wp-image-664\" srcset=\"https:\/\/www.tresor-style.com\/wp-content\/uploads\/2021\/04\/20191130_113520-682x1024.jpg 682w, https:\/\/www.tresor-style.com\/wp-content\/uploads\/2021\/04\/20191130_113520-200x300.jpg 200w, https:\/\/www.tresor-style.com\/wp-content\/uploads\/2021\/04\/20191130_113520-768x1152.jpg 768w, https:\/\/www.tresor-style.com\/wp-content\/uploads\/2021\/04\/20191130_113520-1024x1536.jpg 1024w, https:\/\/www.tresor-style.com\/wp-content\/uploads\/2021\/04\/20191130_113520-700x1050.jpg 700w, https:\/\/www.tresor-style.com\/wp-content\/uploads\/2021\/04\/20191130_113520-1100x1650.jpg 1100w, https:\/\/www.tresor-style.com\/wp-content\/uploads\/2021\/04\/20191130_113520.jpg 1333w\" sizes=\"auto, (max-width: 682px) 100vw, 682px\" \/><\/figure><\/li><li class=\"blocks-gallery-item\"><figure><img loading=\"lazy\" decoding=\"async\" width=\"746\" height=\"1024\" src=\"https:\/\/www.tresor-style.com\/wp-content\/uploads\/2021\/04\/20190307_121109-746x1024.jpg\" alt=\"\" data-id=\"659\" data-full-url=\"https:\/\/www.tresor-style.com\/wp-content\/uploads\/2021\/04\/20190307_121109.jpg\" data-link=\"https:\/\/www.tresor-style.com\/?attachment_id=659\" class=\"wp-image-659\" srcset=\"https:\/\/www.tresor-style.com\/wp-content\/uploads\/2021\/04\/20190307_121109-746x1024.jpg 746w, https:\/\/www.tresor-style.com\/wp-content\/uploads\/2021\/04\/20190307_121109-219x300.jpg 219w, https:\/\/www.tresor-style.com\/wp-content\/uploads\/2021\/04\/20190307_121109-768x1053.jpg 768w, https:\/\/www.tresor-style.com\/wp-content\/uploads\/2021\/04\/20190307_121109-1120x1536.jpg 1120w, https:\/\/www.tresor-style.com\/wp-content\/uploads\/2021\/04\/20190307_121109-700x960.jpg 700w, https:\/\/www.tresor-style.com\/wp-content\/uploads\/2021\/04\/20190307_121109-1100x1509.jpg 1100w, https:\/\/www.tresor-style.com\/wp-content\/uploads\/2021\/04\/20190307_121109.jpg 1458w\" sizes=\"auto, (max-width: 746px) 100vw, 746px\" \/><\/figure><\/li><li class=\"blocks-gallery-item\"><figure><img loading=\"lazy\" decoding=\"async\" width=\"682\" height=\"1024\" src=\"https:\/\/www.tresor-style.com\/wp-content\/uploads\/2021\/04\/20190307_115934-1-682x1024.jpg\" alt=\"\" data-id=\"658\" data-full-url=\"https:\/\/www.tresor-style.com\/wp-content\/uploads\/2021\/04\/20190307_115934-1.jpg\" data-link=\"https:\/\/www.tresor-style.com\/?attachment_id=658\" class=\"wp-image-658\" srcset=\"https:\/\/www.tresor-style.com\/wp-content\/uploads\/2021\/04\/20190307_115934-1-682x1024.jpg 682w, https:\/\/www.tresor-style.com\/wp-content\/uploads\/2021\/04\/20190307_115934-1-200x300.jpg 200w, https:\/\/www.tresor-style.com\/wp-content\/uploads\/2021\/04\/20190307_115934-1-768x1152.jpg 768w, https:\/\/www.tresor-style.com\/wp-content\/uploads\/2021\/04\/20190307_115934-1-1024x1536.jpg 1024w, https:\/\/www.tresor-style.com\/wp-content\/uploads\/2021\/04\/20190307_115934-1-700x1050.jpg 700w, https:\/\/www.tresor-style.com\/wp-content\/uploads\/2021\/04\/20190307_115934-1-1100x1650.jpg 1100w, https:\/\/www.tresor-style.com\/wp-content\/uploads\/2021\/04\/20190307_115934-1.jpg 1333w\" sizes=\"auto, (max-width: 682px) 100vw, 682px\" \/><\/figure><\/li><li class=\"blocks-gallery-item\"><figure><img loading=\"lazy\" decoding=\"async\" width=\"1024\" height=\"756\" src=\"https:\/\/www.tresor-style.com\/wp-content\/uploads\/2021\/04\/20190307_121046-1-1024x756.jpg\" alt=\"\" data-id=\"662\" data-full-url=\"https:\/\/www.tresor-style.com\/wp-content\/uploads\/2021\/04\/20190307_121046-1.jpg\" data-link=\"https:\/\/www.tresor-style.com\/?attachment_id=662\" class=\"wp-image-662\" srcset=\"https:\/\/www.tresor-style.com\/wp-content\/uploads\/2021\/04\/20190307_121046-1-1024x756.jpg 1024w, https:\/\/www.tresor-style.com\/wp-content\/uploads\/2021\/04\/20190307_121046-1-300x221.jpg 300w, https:\/\/www.tresor-style.com\/wp-content\/uploads\/2021\/04\/20190307_121046-1-768x567.jpg 768w, https:\/\/www.tresor-style.com\/wp-content\/uploads\/2021\/04\/20190307_121046-1-1536x1134.jpg 1536w, https:\/\/www.tresor-style.com\/wp-content\/uploads\/2021\/04\/20190307_121046-1-700x517.jpg 700w, https:\/\/www.tresor-style.com\/wp-content\/uploads\/2021\/04\/20190307_121046-1-1100x812.jpg 1100w, https:\/\/www.tresor-style.com\/wp-content\/uploads\/2021\/04\/20190307_121046-1.jpg 2000w\" sizes=\"auto, (max-width: 1024px) 100vw, 1024px\" \/><\/figure><\/li><li class=\"blocks-gallery-item\"><figure><img loading=\"lazy\" decoding=\"async\" width=\"1024\" height=\"768\" src=\"https:\/\/www.tresor-style.com\/wp-content\/uploads\/2021\/04\/20190307_162446-1024x768.jpg\" alt=\"\" data-id=\"661\" data-full-url=\"https:\/\/www.tresor-style.com\/wp-content\/uploads\/2021\/04\/20190307_162446.jpg\" data-link=\"https:\/\/www.tresor-style.com\/?attachment_id=661\" class=\"wp-image-661\" srcset=\"https:\/\/www.tresor-style.com\/wp-content\/uploads\/2021\/04\/20190307_162446-1024x768.jpg 1024w, https:\/\/www.tresor-style.com\/wp-content\/uploads\/2021\/04\/20190307_162446-300x225.jpg 300w, https:\/\/www.tresor-style.com\/wp-content\/uploads\/2021\/04\/20190307_162446-768x576.jpg 768w, https:\/\/www.tresor-style.com\/wp-content\/uploads\/2021\/04\/20190307_162446-1536x1152.jpg 1536w, https:\/\/www.tresor-style.com\/wp-content\/uploads\/2021\/04\/20190307_162446-800x600.jpg 800w, https:\/\/www.tresor-style.com\/wp-content\/uploads\/2021\/04\/20190307_162446-700x525.jpg 700w, https:\/\/www.tresor-style.com\/wp-content\/uploads\/2021\/04\/20190307_162446-1100x825.jpg 1100w, https:\/\/www.tresor-style.com\/wp-content\/uploads\/2021\/04\/20190307_162446.jpg 2000w\" sizes=\"auto, (max-width: 1024px) 100vw, 1024px\" \/><\/figure><\/li><\/ul><figcaption class=\"blocks-gallery-caption\">Objets de d\u00e9coration du printemps fabriqu\u00e9s dans le cadre des ateliers th\u00e9rapeutiques avec les patients en psychiatrie, mars 2019.<\/figcaption><\/figure>\n\n\n\n<div style=\"height:100px\" aria-hidden=\"true\" class=\"wp-block-spacer\"><\/div>\n","protected":false},"excerpt":{"rendered":"<p>Les ateliers de m\u00e9diation couture<\/p>\n","protected":false},"author":1,"featured_media":0,"parent":0,"menu_order":0,"comment_status":"closed","ping_status":"closed","template":"","meta":{"footnotes":""},"class_list":["post-26","page","type-page","status-publish","hentry"],"_links":{"self":[{"href":"https:\/\/www.tresor-style.com\/index.php?rest_route=\/wp\/v2\/pages\/26","targetHints":{"allow":["GET"]}}],"collection":[{"href":"https:\/\/www.tresor-style.com\/index.php?rest_route=\/wp\/v2\/pages"}],"about":[{"href":"https:\/\/www.tresor-style.com\/index.php?rest_route=\/wp\/v2\/types\/page"}],"author":[{"embeddable":true,"href":"https:\/\/www.tresor-style.com\/index.php?rest_route=\/wp\/v2\/users\/1"}],"replies":[{"embeddable":true,"href":"https:\/\/www.tresor-style.com\/index.php?rest_route=%2Fwp%2Fv2%2Fcomments&post=26"}],"version-history":[{"count":21,"href":"https:\/\/www.tresor-style.com\/index.php?rest_route=\/wp\/v2\/pages\/26\/revisions"}],"predecessor-version":[{"id":674,"href":"https:\/\/www.tresor-style.com\/index.php?rest_route=\/wp\/v2\/pages\/26\/revisions\/674"}],"wp:attachment":[{"href":"https:\/\/www.tresor-style.com\/index.php?rest_route=%2Fwp%2Fv2%2Fmedia&parent=26"}],"curies":[{"name":"wp","href":"https:\/\/api.w.org\/{rel}","templated":true}]}}