{"id":24,"date":"2021-03-05T10:56:41","date_gmt":"2021-03-05T09:56:41","guid":{"rendered":"https:\/\/www.tresor-style.com\/?page_id=24"},"modified":"2021-04-13T10:33:07","modified_gmt":"2021-04-13T08:33:07","slug":"formation-couture","status":"publish","type":"page","link":"https:\/\/www.tresor-style.com\/?page_id=24","title":{"rendered":"Formation \/ Cours de couture"},"content":{"rendered":"\n<h3 class=\"has-text-align-center wp-block-heading\">Formation \/ Cours de couture<\/h3>\n\n\n\n<div style=\"height:20px\" aria-hidden=\"true\" class=\"wp-block-spacer\"><\/div>\n\n\n\n<div class=\"wp-block-image is-style-rounded\"><figure class=\"aligncenter size-full is-resized\"><img loading=\"lazy\" decoding=\"async\" src=\"https:\/\/www.tresor-style.com\/wp-content\/uploads\/2021\/03\/WhatsApp-Image-2021-03-08-at-16.10.17.jpeg\" alt=\"\" class=\"wp-image-158\" width=\"595\" height=\"335\" srcset=\"https:\/\/www.tresor-style.com\/wp-content\/uploads\/2021\/03\/WhatsApp-Image-2021-03-08-at-16.10.17.jpeg 1000w, https:\/\/www.tresor-style.com\/wp-content\/uploads\/2021\/03\/WhatsApp-Image-2021-03-08-at-16.10.17-300x169.jpeg 300w, https:\/\/www.tresor-style.com\/wp-content\/uploads\/2021\/03\/WhatsApp-Image-2021-03-08-at-16.10.17-768x432.jpeg 768w, https:\/\/www.tresor-style.com\/wp-content\/uploads\/2021\/03\/WhatsApp-Image-2021-03-08-at-16.10.17-700x394.jpeg 700w\" sizes=\"auto, (max-width: 595px) 100vw, 595px\" \/><\/figure><\/div>\n\n\n\n<div style=\"height:20px\" aria-hidden=\"true\" class=\"wp-block-spacer\"><\/div>\n\n\n\n<h4 class=\"has-text-align-center wp-block-heading\">Des s\u00e9ances en individuel ou en collectif<\/h4>\n\n\n\n<div style=\"height:30px\" aria-hidden=\"true\" class=\"wp-block-spacer\"><\/div>\n\n\n\n<h3 class=\"has-text-align-center wp-block-heading\">Des cours de couture interg\u00e9n\u00e9rationnels (parent\/enfant ou grand-parent\/enfant)<\/h3>\n\n\n\n<div style=\"height:40px\" aria-hidden=\"true\" class=\"wp-block-spacer\"><\/div>\n\n\n\n<p>Gr\u00e2ce \u00e0 son exp\u00e9rience professionnelle et \u00e0 ses comp\u00e9tences d&rsquo;animatrice BAFA, Tr\u00e9sor s&rsquo;adapte \u00e0 tout type de public ( enfants, jeunes, adultes, personnes \u00e2g\u00e9es, personnes en insertion professionnelle). Ses&nbsp;ateliers sont organis\u00e9s dans le respect des r\u00e8gles de s\u00e9curit\u00e9.<\/p>\n\n\n\n<div style=\"height:68px\" aria-hidden=\"true\" class=\"wp-block-spacer\"><\/div>\n\n\n\n<figure class=\"wp-block-gallery columns-3 is-cropped wp-block-gallery-1 is-layout-flex wp-block-gallery-is-layout-flex\"><ul class=\"blocks-gallery-grid\"><li class=\"blocks-gallery-item\"><figure><img loading=\"lazy\" decoding=\"async\" width=\"1024\" height=\"682\" src=\"https:\/\/www.tresor-style.com\/wp-content\/uploads\/2021\/04\/IMG_9517-1024x682.jpg\" alt=\"\" data-id=\"675\" data-link=\"https:\/\/www.tresor-style.com\/?attachment_id=675\" class=\"wp-image-675\" srcset=\"https:\/\/www.tresor-style.com\/wp-content\/uploads\/2021\/04\/IMG_9517-1024x682.jpg 1024w, https:\/\/www.tresor-style.com\/wp-content\/uploads\/2021\/04\/IMG_9517-300x200.jpg 300w, https:\/\/www.tresor-style.com\/wp-content\/uploads\/2021\/04\/IMG_9517-768x512.jpg 768w, https:\/\/www.tresor-style.com\/wp-content\/uploads\/2021\/04\/IMG_9517-1536x1024.jpg 1536w, https:\/\/www.tresor-style.com\/wp-content\/uploads\/2021\/04\/IMG_9517-700x467.jpg 700w, https:\/\/www.tresor-style.com\/wp-content\/uploads\/2021\/04\/IMG_9517-1100x733.jpg 1100w, https:\/\/www.tresor-style.com\/wp-content\/uploads\/2021\/04\/IMG_9517.jpg 2000w\" sizes=\"auto, (max-width: 1024px) 100vw, 1024px\" \/><\/figure><\/li><li class=\"blocks-gallery-item\"><figure><img loading=\"lazy\" decoding=\"async\" width=\"1024\" height=\"682\" src=\"https:\/\/www.tresor-style.com\/wp-content\/uploads\/2021\/04\/IMG_9522-1024x682.jpg\" alt=\"\" data-id=\"676\" data-link=\"https:\/\/www.tresor-style.com\/?attachment_id=676\" class=\"wp-image-676\" srcset=\"https:\/\/www.tresor-style.com\/wp-content\/uploads\/2021\/04\/IMG_9522-1024x682.jpg 1024w, https:\/\/www.tresor-style.com\/wp-content\/uploads\/2021\/04\/IMG_9522-300x200.jpg 300w, https:\/\/www.tresor-style.com\/wp-content\/uploads\/2021\/04\/IMG_9522-768x512.jpg 768w, https:\/\/www.tresor-style.com\/wp-content\/uploads\/2021\/04\/IMG_9522-1536x1024.jpg 1536w, https:\/\/www.tresor-style.com\/wp-content\/uploads\/2021\/04\/IMG_9522-700x467.jpg 700w, https:\/\/www.tresor-style.com\/wp-content\/uploads\/2021\/04\/IMG_9522-1100x733.jpg 1100w, https:\/\/www.tresor-style.com\/wp-content\/uploads\/2021\/04\/IMG_9522.jpg 2000w\" sizes=\"auto, (max-width: 1024px) 100vw, 1024px\" \/><\/figure><\/li><li class=\"blocks-gallery-item\"><figure><img loading=\"lazy\" decoding=\"async\" width=\"1024\" height=\"682\" src=\"https:\/\/www.tresor-style.com\/wp-content\/uploads\/2021\/04\/IMG_9526-1-1024x682.jpg\" alt=\"\" data-id=\"680\" data-full-url=\"https:\/\/www.tresor-style.com\/wp-content\/uploads\/2021\/04\/IMG_9526-1.jpg\" data-link=\"https:\/\/www.tresor-style.com\/?attachment_id=680\" class=\"wp-image-680\" srcset=\"https:\/\/www.tresor-style.com\/wp-content\/uploads\/2021\/04\/IMG_9526-1-1024x682.jpg 1024w, https:\/\/www.tresor-style.com\/wp-content\/uploads\/2021\/04\/IMG_9526-1-300x200.jpg 300w, https:\/\/www.tresor-style.com\/wp-content\/uploads\/2021\/04\/IMG_9526-1-768x512.jpg 768w, https:\/\/www.tresor-style.com\/wp-content\/uploads\/2021\/04\/IMG_9526-1-1536x1024.jpg 1536w, https:\/\/www.tresor-style.com\/wp-content\/uploads\/2021\/04\/IMG_9526-1-700x467.jpg 700w, https:\/\/www.tresor-style.com\/wp-content\/uploads\/2021\/04\/IMG_9526-1-1100x733.jpg 1100w, https:\/\/www.tresor-style.com\/wp-content\/uploads\/2021\/04\/IMG_9526-1.jpg 2000w\" sizes=\"auto, (max-width: 1024px) 100vw, 1024px\" \/><\/figure><\/li><\/ul><\/figure>\n\n\n\n<div style=\"height:100px\" aria-hidden=\"true\" class=\"wp-block-spacer\"><\/div>\n","protected":false},"excerpt":{"rendered":"<p>Formation \/ Cours de couture Des s\u00e9ances en individuel ou en collectif Des cours de couture interg\u00e9n\u00e9rationnels (parent\/enfant ou grand-parent\/enfant) Gr\u00e2ce \u00e0 son exp\u00e9rience professionnelle et \u00e0 ses comp\u00e9tences d&rsquo;animatrice BAFA, Tr\u00e9sor s&rsquo;adapte \u00e0 tout type de public ( enfants, jeunes, adultes, personnes \u00e2g\u00e9es, personnes&#8230;<\/p>\n","protected":false},"author":1,"featured_media":0,"parent":0,"menu_order":0,"comment_status":"closed","ping_status":"closed","template":"","meta":{"footnotes":""},"class_list":["post-24","page","type-page","status-publish","hentry"],"_links":{"self":[{"href":"https:\/\/www.tresor-style.com\/index.php?rest_route=\/wp\/v2\/pages\/24","targetHints":{"allow":["GET"]}}],"collection":[{"href":"https:\/\/www.tresor-style.com\/index.php?rest_route=\/wp\/v2\/pages"}],"about":[{"href":"https:\/\/www.tresor-style.com\/index.php?rest_route=\/wp\/v2\/types\/page"}],"author":[{"embeddable":true,"href":"https:\/\/www.tresor-style.com\/index.php?rest_route=\/wp\/v2\/users\/1"}],"replies":[{"embeddable":true,"href":"https:\/\/www.tresor-style.com\/index.php?rest_route=%2Fwp%2Fv2%2Fcomments&post=24"}],"version-history":[{"count":21,"href":"https:\/\/www.tresor-style.com\/index.php?rest_route=\/wp\/v2\/pages\/24\/revisions"}],"predecessor-version":[{"id":683,"href":"https:\/\/www.tresor-style.com\/index.php?rest_route=\/wp\/v2\/pages\/24\/revisions\/683"}],"wp:attachment":[{"href":"https:\/\/www.tresor-style.com\/index.php?rest_route=%2Fwp%2Fv2%2Fmedia&parent=24"}],"curies":[{"name":"wp","href":"https:\/\/api.w.org\/{rel}","templated":true}]}}