{"id":22,"date":"2021-03-05T10:56:23","date_gmt":"2021-03-05T09:56:23","guid":{"rendered":"https:\/\/www.tresor-style.com\/?page_id=22"},"modified":"2021-03-21T18:51:57","modified_gmt":"2021-03-21T17:51:57","slug":"confection-sur-mesure","status":"publish","type":"page","link":"https:\/\/www.tresor-style.com\/?page_id=22","title":{"rendered":"Confection sur Mesure"},"content":{"rendered":"\n<h3 class=\"has-text-align-center wp-block-heading\">Confection sur Mesure<\/h3>\n\n\n\n<div style=\"height:31px\" aria-hidden=\"true\" class=\"wp-block-spacer\"><\/div>\n\n\n\n<blockquote class=\"wp-block-quote has-text-align-center is-style-default is-layout-flow wp-block-quote-is-layout-flow\"><p><em>A tous ceux qui veulent s\u2019habiller comme ils voudraient, <br>\u00eatre unique et avoir un style personnalis\u00e9 \u00e0 leur image ! <\/em><\/p><\/blockquote>\n\n\n\n<div style=\"height:31px\" aria-hidden=\"true\" class=\"wp-block-spacer\"><\/div>\n\n\n\n<div class=\"wp-block-media-text alignwide is-stacked-on-mobile\" style=\"grid-template-columns:35% auto\"><figure class=\"wp-block-media-text__media\"><img loading=\"lazy\" decoding=\"async\" width=\"678\" height=\"1024\" src=\"https:\/\/www.tresor-style.com\/wp-content\/uploads\/2021\/03\/received_2662424747336411-678x1024.jpeg\" alt=\"\" class=\"wp-image-552 size-full\" srcset=\"https:\/\/www.tresor-style.com\/wp-content\/uploads\/2021\/03\/received_2662424747336411-678x1024.jpeg 678w, https:\/\/www.tresor-style.com\/wp-content\/uploads\/2021\/03\/received_2662424747336411-199x300.jpeg 199w, https:\/\/www.tresor-style.com\/wp-content\/uploads\/2021\/03\/received_2662424747336411-768x1159.jpeg 768w, https:\/\/www.tresor-style.com\/wp-content\/uploads\/2021\/03\/received_2662424747336411-1018x1536.jpeg 1018w, https:\/\/www.tresor-style.com\/wp-content\/uploads\/2021\/03\/received_2662424747336411-700x1056.jpeg 700w, https:\/\/www.tresor-style.com\/wp-content\/uploads\/2021\/03\/received_2662424747336411.jpeg 1080w\" sizes=\"auto, (max-width: 678px) 100vw, 678px\" \/><\/figure><div class=\"wp-block-media-text__content\">\n<p>Mais aussi pour ceux qui sont complex\u00e9s par leur morphologie ou ne trouvent pas leur taille ou les d\u00e9tails qu\u2019ils veulent en magasin.<\/p>\n\n\n\n<p>Chez <strong><em>Tr\u00e9sor Style<\/em><\/strong>, nous&nbsp;nous adaptons&nbsp;\u00e0&nbsp;vos besoins et \u00e0 votre morphologie pour vous proposer des v\u00eatements qui vous ressemblent. Nous mettons notre cr\u00e9ativit\u00e9 \u00e0 votre service afin d\u2019imaginer des tenues uniques et sur mesure tout en \u00e9tant attentif \u00e0 vos choix et vos envies&#8230;. &nbsp;&nbsp;<\/p>\n\n\n\n<p>Nous avons la possibilit\u00e9 de travailler en partenariat avec un conseiller en image ou encore faire des magasins et des&nbsp;essayages avec vous pour mieux cerner vos souhaits et vos difficult\u00e9s afin de r\u00e9pondre&nbsp;\u00e0 vos attentes.<\/p>\n\n\n\n<p><strong><em>Tr\u00e9sor Style<\/em><\/strong> vous propose \u00e9galement des accessoires de mode sur mesure, le relooking et recyclage de vos v\u00eatements et objets en leur donnant une nouvelle vie.&nbsp;Ainsi, vous participez \u00e0 l\u2019\u00e9co-responsabilit\u00e9.<\/p>\n\n\n\n<p><\/p>\n\n\n\n<div style=\"height:46px\" aria-hidden=\"true\" class=\"wp-block-spacer\"><\/div>\n\n\n\n<p class=\"has-small-font-size\"><em>Une Robe en motif dashiki, ton vert citron pour un style adapt\u00e9 \u00e0 sa morphologie et \u00e0 son identit\u00e9<br>Cr\u00e9dit photo: Model plus size catherine madec PARIS<\/em><\/p>\n<\/div><\/div>\n\n\n\n<div style=\"height:100px\" aria-hidden=\"true\" class=\"wp-block-spacer\"><\/div>\n\n\n\n<figure class=\"wp-block-gallery columns-4 is-cropped wp-block-gallery-1 is-layout-flex wp-block-gallery-is-layout-flex\"><ul class=\"blocks-gallery-grid\"><li class=\"blocks-gallery-item\"><figure><img loading=\"lazy\" decoding=\"async\" width=\"683\" height=\"1024\" src=\"https:\/\/www.tresor-style.com\/wp-content\/uploads\/2021\/03\/Tesor_30012021_DSC9058-1-683x1024.jpg\" alt=\"\" data-id=\"630\" data-full-url=\"https:\/\/www.tresor-style.com\/wp-content\/uploads\/2021\/03\/Tesor_30012021_DSC9058-1.jpg\" data-link=\"https:\/\/www.tresor-style.com\/?attachment_id=630\" class=\"wp-image-630\" srcset=\"https:\/\/www.tresor-style.com\/wp-content\/uploads\/2021\/03\/Tesor_30012021_DSC9058-1-683x1024.jpg 683w, https:\/\/www.tresor-style.com\/wp-content\/uploads\/2021\/03\/Tesor_30012021_DSC9058-1-200x300.jpg 200w, https:\/\/www.tresor-style.com\/wp-content\/uploads\/2021\/03\/Tesor_30012021_DSC9058-1-768x1151.jpg 768w, https:\/\/www.tresor-style.com\/wp-content\/uploads\/2021\/03\/Tesor_30012021_DSC9058-1-700x1049.jpg 700w, https:\/\/www.tresor-style.com\/wp-content\/uploads\/2021\/03\/Tesor_30012021_DSC9058-1.jpg 1001w\" sizes=\"auto, (max-width: 683px) 100vw, 683px\" \/><\/figure><\/li><li class=\"blocks-gallery-item\"><figure><img loading=\"lazy\" decoding=\"async\" width=\"683\" height=\"1024\" src=\"https:\/\/www.tresor-style.com\/wp-content\/uploads\/2021\/03\/Tesor_30012021_DSC9036-1-683x1024.jpg\" alt=\"\" data-id=\"627\" data-full-url=\"https:\/\/www.tresor-style.com\/wp-content\/uploads\/2021\/03\/Tesor_30012021_DSC9036-1.jpg\" data-link=\"https:\/\/www.tresor-style.com\/?attachment_id=627\" class=\"wp-image-627\" srcset=\"https:\/\/www.tresor-style.com\/wp-content\/uploads\/2021\/03\/Tesor_30012021_DSC9036-1-683x1024.jpg 683w, https:\/\/www.tresor-style.com\/wp-content\/uploads\/2021\/03\/Tesor_30012021_DSC9036-1-200x300.jpg 200w, https:\/\/www.tresor-style.com\/wp-content\/uploads\/2021\/03\/Tesor_30012021_DSC9036-1-768x1151.jpg 768w, https:\/\/www.tresor-style.com\/wp-content\/uploads\/2021\/03\/Tesor_30012021_DSC9036-1-700x1049.jpg 700w, https:\/\/www.tresor-style.com\/wp-content\/uploads\/2021\/03\/Tesor_30012021_DSC9036-1.jpg 1001w\" sizes=\"auto, (max-width: 683px) 100vw, 683px\" \/><\/figure><\/li><li class=\"blocks-gallery-item\"><figure><img loading=\"lazy\" decoding=\"async\" width=\"683\" height=\"1024\" src=\"https:\/\/www.tresor-style.com\/wp-content\/uploads\/2021\/03\/Tesor_30012021_DSC9053-1-683x1024.jpg\" alt=\"\" data-id=\"629\" data-full-url=\"https:\/\/www.tresor-style.com\/wp-content\/uploads\/2021\/03\/Tesor_30012021_DSC9053-1.jpg\" data-link=\"https:\/\/www.tresor-style.com\/?attachment_id=629\" class=\"wp-image-629\" srcset=\"https:\/\/www.tresor-style.com\/wp-content\/uploads\/2021\/03\/Tesor_30012021_DSC9053-1-683x1024.jpg 683w, https:\/\/www.tresor-style.com\/wp-content\/uploads\/2021\/03\/Tesor_30012021_DSC9053-1-200x300.jpg 200w, https:\/\/www.tresor-style.com\/wp-content\/uploads\/2021\/03\/Tesor_30012021_DSC9053-1-768x1151.jpg 768w, https:\/\/www.tresor-style.com\/wp-content\/uploads\/2021\/03\/Tesor_30012021_DSC9053-1-700x1049.jpg 700w, https:\/\/www.tresor-style.com\/wp-content\/uploads\/2021\/03\/Tesor_30012021_DSC9053-1.jpg 1001w\" sizes=\"auto, (max-width: 683px) 100vw, 683px\" \/><\/figure><\/li><li class=\"blocks-gallery-item\"><figure><img loading=\"lazy\" decoding=\"async\" width=\"683\" height=\"1024\" src=\"https:\/\/www.tresor-style.com\/wp-content\/uploads\/2021\/03\/Tesor_30012021_DSC9025-683x1024.jpg\" alt=\"\" data-id=\"626\" data-full-url=\"https:\/\/www.tresor-style.com\/wp-content\/uploads\/2021\/03\/Tesor_30012021_DSC9025.jpg\" data-link=\"https:\/\/www.tresor-style.com\/?attachment_id=626\" class=\"wp-image-626\" srcset=\"https:\/\/www.tresor-style.com\/wp-content\/uploads\/2021\/03\/Tesor_30012021_DSC9025-683x1024.jpg 683w, https:\/\/www.tresor-style.com\/wp-content\/uploads\/2021\/03\/Tesor_30012021_DSC9025-200x300.jpg 200w, https:\/\/www.tresor-style.com\/wp-content\/uploads\/2021\/03\/Tesor_30012021_DSC9025-768x1151.jpg 768w, https:\/\/www.tresor-style.com\/wp-content\/uploads\/2021\/03\/Tesor_30012021_DSC9025-700x1049.jpg 700w, https:\/\/www.tresor-style.com\/wp-content\/uploads\/2021\/03\/Tesor_30012021_DSC9025.jpg 1001w\" sizes=\"auto, (max-width: 683px) 100vw, 683px\" \/><\/figure><\/li><\/ul><figcaption class=\"blocks-gallery-caption\"><strong>Blouson hiver femme &#8211; Recycl\u00e9 et customis\u00e9 en Wax<\/strong><\/figcaption><\/figure>\n\n\n\n<div style=\"height:76px\" aria-hidden=\"true\" class=\"wp-block-spacer\"><\/div>\n\n\n\n<figure class=\"wp-block-gallery columns-4 is-cropped wp-block-gallery-2 is-layout-flex wp-block-gallery-is-layout-flex\"><ul class=\"blocks-gallery-grid\"><li class=\"blocks-gallery-item\"><figure><img loading=\"lazy\" decoding=\"async\" width=\"550\" height=\"1024\" src=\"https:\/\/www.tresor-style.com\/wp-content\/uploads\/2021\/03\/Tesor_30012021_DSC9684-550x1024.jpg\" alt=\"\" data-id=\"471\" data-full-url=\"https:\/\/www.tresor-style.com\/wp-content\/uploads\/2021\/03\/Tesor_30012021_DSC9684.jpg\" data-link=\"https:\/\/www.tresor-style.com\/?attachment_id=471\" class=\"wp-image-471\" srcset=\"https:\/\/www.tresor-style.com\/wp-content\/uploads\/2021\/03\/Tesor_30012021_DSC9684-550x1024.jpg 550w, https:\/\/www.tresor-style.com\/wp-content\/uploads\/2021\/03\/Tesor_30012021_DSC9684-161x300.jpg 161w, https:\/\/www.tresor-style.com\/wp-content\/uploads\/2021\/03\/Tesor_30012021_DSC9684-768x1429.jpg 768w, https:\/\/www.tresor-style.com\/wp-content\/uploads\/2021\/03\/Tesor_30012021_DSC9684-700x1303.jpg 700w, https:\/\/www.tresor-style.com\/wp-content\/uploads\/2021\/03\/Tesor_30012021_DSC9684.jpg 806w\" sizes=\"auto, (max-width: 550px) 100vw, 550px\" \/><\/figure><\/li><li class=\"blocks-gallery-item\"><figure><img loading=\"lazy\" decoding=\"async\" width=\"616\" height=\"1024\" src=\"https:\/\/www.tresor-style.com\/wp-content\/uploads\/2021\/03\/Tesor_30012021_DSC9679-1-616x1024.jpg\" alt=\"\" data-id=\"470\" data-full-url=\"https:\/\/www.tresor-style.com\/wp-content\/uploads\/2021\/03\/Tesor_30012021_DSC9679-1.jpg\" data-link=\"https:\/\/www.tresor-style.com\/?attachment_id=470\" class=\"wp-image-470\" srcset=\"https:\/\/www.tresor-style.com\/wp-content\/uploads\/2021\/03\/Tesor_30012021_DSC9679-1-616x1024.jpg 616w, https:\/\/www.tresor-style.com\/wp-content\/uploads\/2021\/03\/Tesor_30012021_DSC9679-1-181x300.jpg 181w, https:\/\/www.tresor-style.com\/wp-content\/uploads\/2021\/03\/Tesor_30012021_DSC9679-1-768x1276.jpg 768w, https:\/\/www.tresor-style.com\/wp-content\/uploads\/2021\/03\/Tesor_30012021_DSC9679-1-700x1163.jpg 700w, https:\/\/www.tresor-style.com\/wp-content\/uploads\/2021\/03\/Tesor_30012021_DSC9679-1.jpg 903w\" sizes=\"auto, (max-width: 616px) 100vw, 616px\" \/><\/figure><\/li><li class=\"blocks-gallery-item\"><figure><img loading=\"lazy\" decoding=\"async\" width=\"408\" height=\"1024\" src=\"https:\/\/www.tresor-style.com\/wp-content\/uploads\/2021\/03\/Tesor_30012021_DSC9639-408x1024.jpg\" alt=\"\" data-id=\"463\" data-full-url=\"https:\/\/www.tresor-style.com\/wp-content\/uploads\/2021\/03\/Tesor_30012021_DSC9639.jpg\" data-link=\"https:\/\/www.tresor-style.com\/?attachment_id=463\" class=\"wp-image-463\" srcset=\"https:\/\/www.tresor-style.com\/wp-content\/uploads\/2021\/03\/Tesor_30012021_DSC9639-408x1024.jpg 408w, https:\/\/www.tresor-style.com\/wp-content\/uploads\/2021\/03\/Tesor_30012021_DSC9639-119x300.jpg 119w, https:\/\/www.tresor-style.com\/wp-content\/uploads\/2021\/03\/Tesor_30012021_DSC9639.jpg 597w\" sizes=\"auto, (max-width: 408px) 100vw, 408px\" \/><\/figure><\/li><li class=\"blocks-gallery-item\"><figure><img loading=\"lazy\" decoding=\"async\" width=\"498\" height=\"1024\" src=\"https:\/\/www.tresor-style.com\/wp-content\/uploads\/2021\/03\/Tesor_30012021_DSC9653-498x1024.jpg\" alt=\"\" data-id=\"466\" data-full-url=\"https:\/\/www.tresor-style.com\/wp-content\/uploads\/2021\/03\/Tesor_30012021_DSC9653.jpg\" data-link=\"https:\/\/www.tresor-style.com\/?attachment_id=466\" class=\"wp-image-466\" srcset=\"https:\/\/www.tresor-style.com\/wp-content\/uploads\/2021\/03\/Tesor_30012021_DSC9653-498x1024.jpg 498w, https:\/\/www.tresor-style.com\/wp-content\/uploads\/2021\/03\/Tesor_30012021_DSC9653-146x300.jpg 146w, https:\/\/www.tresor-style.com\/wp-content\/uploads\/2021\/03\/Tesor_30012021_DSC9653-700x1440.jpg 700w, https:\/\/www.tresor-style.com\/wp-content\/uploads\/2021\/03\/Tesor_30012021_DSC9653.jpg 729w\" sizes=\"auto, (max-width: 498px) 100vw, 498px\" \/><\/figure><\/li><\/ul><figcaption class=\"blocks-gallery-caption\"><strong>Robe de soir\u00e9e sur mesure en dentelle brod\u00e9e 3D et cr\u00eape satin\u00e9e en soie.<\/strong><\/figcaption><\/figure>\n\n\n\n<div style=\"height:100px\" aria-hidden=\"true\" class=\"wp-block-spacer\"><\/div>\n","protected":false},"excerpt":{"rendered":"<p>Confection sur Mesure A tous ceux qui veulent s\u2019habiller comme ils voudraient, \u00eatre unique et avoir un style personnalis\u00e9 \u00e0 leur image !<\/p>\n","protected":false},"author":1,"featured_media":0,"parent":0,"menu_order":0,"comment_status":"closed","ping_status":"closed","template":"","meta":{"footnotes":""},"class_list":["post-22","page","type-page","status-publish","hentry"],"_links":{"self":[{"href":"https:\/\/www.tresor-style.com\/index.php?rest_route=\/wp\/v2\/pages\/22","targetHints":{"allow":["GET"]}}],"collection":[{"href":"https:\/\/www.tresor-style.com\/index.php?rest_route=\/wp\/v2\/pages"}],"about":[{"href":"https:\/\/www.tresor-style.com\/index.php?rest_route=\/wp\/v2\/types\/page"}],"author":[{"embeddable":true,"href":"https:\/\/www.tresor-style.com\/index.php?rest_route=\/wp\/v2\/users\/1"}],"replies":[{"embeddable":true,"href":"https:\/\/www.tresor-style.com\/index.php?rest_route=%2Fwp%2Fv2%2Fcomments&post=22"}],"version-history":[{"count":32,"href":"https:\/\/www.tresor-style.com\/index.php?rest_route=\/wp\/v2\/pages\/22\/revisions"}],"predecessor-version":[{"id":634,"href":"https:\/\/www.tresor-style.com\/index.php?rest_route=\/wp\/v2\/pages\/22\/revisions\/634"}],"wp:attachment":[{"href":"https:\/\/www.tresor-style.com\/index.php?rest_route=%2Fwp%2Fv2%2Fmedia&parent=22"}],"curies":[{"name":"wp","href":"https:\/\/api.w.org\/{rel}","templated":true}]}}