{"id":20,"date":"2021-03-05T10:56:02","date_gmt":"2021-03-05T09:56:02","guid":{"rendered":"https:\/\/www.tresor-style.com\/?page_id=20"},"modified":"2021-03-20T11:20:54","modified_gmt":"2021-03-20T10:20:54","slug":"prestations","status":"publish","type":"page","link":"https:\/\/www.tresor-style.com\/?page_id=20","title":{"rendered":"Prestations couture"},"content":{"rendered":"\n<div class=\"wp-block-columns is-layout-flex wp-container-core-columns-is-layout-9d6595d7 wp-block-columns-is-layout-flex\">\n<div class=\"wp-block-column is-layout-flow wp-block-column-is-layout-flow\">\n<figure class=\"wp-block-image size-large\"><img loading=\"lazy\" decoding=\"async\" width=\"616\" height=\"1024\" src=\"https:\/\/www.tresor-style.com\/wp-content\/uploads\/2021\/03\/Tesor_30012021_DSC9679-616x1024.jpg\" alt=\"\" class=\"wp-image-179\" srcset=\"https:\/\/www.tresor-style.com\/wp-content\/uploads\/2021\/03\/Tesor_30012021_DSC9679-616x1024.jpg 616w, https:\/\/www.tresor-style.com\/wp-content\/uploads\/2021\/03\/Tesor_30012021_DSC9679-181x300.jpg 181w, https:\/\/www.tresor-style.com\/wp-content\/uploads\/2021\/03\/Tesor_30012021_DSC9679-768x1276.jpg 768w, https:\/\/www.tresor-style.com\/wp-content\/uploads\/2021\/03\/Tesor_30012021_DSC9679-700x1163.jpg 700w, https:\/\/www.tresor-style.com\/wp-content\/uploads\/2021\/03\/Tesor_30012021_DSC9679.jpg 903w\" sizes=\"auto, (max-width: 616px) 100vw, 616px\" \/><\/figure>\n\n\n\n<h2 class=\"has-text-align-center has-luminous-vivid-amber-color has-white-background-color has-text-color has-background has-medium-font-size wp-block-heading\"><a href=\"https:\/\/www.tresor-style.com\/?page_id=22\" data-type=\"URL\" data-id=\"https:\/\/www.tresor-style.com\/?page_id=22\">Un atelier de cr\u00e9ation et de confection sur mesure <\/a><\/h2>\n\n\n\n<p class=\"has-text-align-center has-white-background-color has-background\">Des tenues adapt\u00e9es \u00e0 la morphologie, aux besoins et \u00e0 la personnalit\u00e9 de chacun. <\/p>\n<\/div>\n\n\n\n<div class=\"wp-block-column is-layout-flow wp-block-column-is-layout-flow\">\n<figure class=\"wp-block-image size-large\"><img loading=\"lazy\" decoding=\"async\" width=\"683\" height=\"1024\" src=\"https:\/\/www.tresor-style.com\/wp-content\/uploads\/2021\/03\/DSC9474-683x1024.jpg\" alt=\"\" class=\"wp-image-182\" srcset=\"https:\/\/www.tresor-style.com\/wp-content\/uploads\/2021\/03\/DSC9474-683x1024.jpg 683w, https:\/\/www.tresor-style.com\/wp-content\/uploads\/2021\/03\/DSC9474-200x300.jpg 200w, https:\/\/www.tresor-style.com\/wp-content\/uploads\/2021\/03\/DSC9474-768x1151.jpg 768w, https:\/\/www.tresor-style.com\/wp-content\/uploads\/2021\/03\/DSC9474-700x1049.jpg 700w, https:\/\/www.tresor-style.com\/wp-content\/uploads\/2021\/03\/DSC9474.jpg 1001w\" sizes=\"auto, (max-width: 683px) 100vw, 683px\" \/><\/figure>\n\n\n\n<h2 class=\"has-text-align-center has-luminous-vivid-amber-color has-white-background-color has-text-color has-background has-medium-font-size wp-block-heading\"><a href=\"https:\/\/www.tresor-style.com\/?page_id=24\">Un atelier de formation couture <\/a><br><\/h2>\n\n\n\n<p class=\"has-text-align-center has-white-background-color has-background\">O\u00f9 je m\u2019adapte \u00e0 tout public ( particuliers, parent-enfant, personnes en insertion professionnelle)<\/p>\n<\/div>\n\n\n\n<div class=\"wp-block-column is-layout-flow wp-block-column-is-layout-flow\">\n<figure class=\"wp-block-image size-large\"><img loading=\"lazy\" decoding=\"async\" width=\"683\" height=\"1024\" src=\"https:\/\/www.tresor-style.com\/wp-content\/uploads\/2021\/03\/Tesor_30012021_DSC9862-683x1024.jpg\" alt=\"\" class=\"wp-image-174\" srcset=\"https:\/\/www.tresor-style.com\/wp-content\/uploads\/2021\/03\/Tesor_30012021_DSC9862-683x1024.jpg 683w, https:\/\/www.tresor-style.com\/wp-content\/uploads\/2021\/03\/Tesor_30012021_DSC9862-200x300.jpg 200w, https:\/\/www.tresor-style.com\/wp-content\/uploads\/2021\/03\/Tesor_30012021_DSC9862-768x1151.jpg 768w, https:\/\/www.tresor-style.com\/wp-content\/uploads\/2021\/03\/Tesor_30012021_DSC9862-700x1049.jpg 700w, https:\/\/www.tresor-style.com\/wp-content\/uploads\/2021\/03\/Tesor_30012021_DSC9862.jpg 1001w\" sizes=\"auto, (max-width: 683px) 100vw, 683px\" \/><\/figure>\n\n\n\n<h2 class=\"has-text-align-center has-luminous-vivid-amber-color has-white-background-color has-text-color has-background has-medium-font-size wp-block-heading\"><a href=\"https:\/\/www.tresor-style.com\/?page_id=26\" data-type=\"URL\" data-id=\"https:\/\/www.tresor-style.com\/?page_id=26\">Un atelier nomade de m\u00e9diation couture <\/a><\/h2>\n\n\n\n<p class=\"has-text-align-center has-white-background-color has-background\">A destination des \u00e9tablissements sociaux et m\u00e9dico-sociaux.  Je peux venir en renfort aux \u00e9quipes en apportant mes comp\u00e9tences pour les aider \u00e0 atteindre les objectifs socio-\u00e9ducatifs.<\/p>\n<\/div>\n<\/div>\n","protected":false},"excerpt":{"rendered":"<p>Un atelier de cr\u00e9ation et de confection sur mesure Des tenues adapt\u00e9es \u00e0 la morphologie, aux besoins et \u00e0 la personnalit\u00e9 de chacun. Un atelier de formation couture O\u00f9 je m\u2019adapte \u00e0 tout public ( particuliers, parent-enfant, personnes en insertion professionnelle) Un atelier nomade de&#8230;<\/p>\n","protected":false},"author":1,"featured_media":0,"parent":0,"menu_order":0,"comment_status":"closed","ping_status":"closed","template":"","meta":{"footnotes":""},"class_list":["post-20","page","type-page","status-publish","hentry"],"_links":{"self":[{"href":"https:\/\/www.tresor-style.com\/index.php?rest_route=\/wp\/v2\/pages\/20","targetHints":{"allow":["GET"]}}],"collection":[{"href":"https:\/\/www.tresor-style.com\/index.php?rest_route=\/wp\/v2\/pages"}],"about":[{"href":"https:\/\/www.tresor-style.com\/index.php?rest_route=\/wp\/v2\/types\/page"}],"author":[{"embeddable":true,"href":"https:\/\/www.tresor-style.com\/index.php?rest_route=\/wp\/v2\/users\/1"}],"replies":[{"embeddable":true,"href":"https:\/\/www.tresor-style.com\/index.php?rest_route=%2Fwp%2Fv2%2Fcomments&post=20"}],"version-history":[{"count":10,"href":"https:\/\/www.tresor-style.com\/index.php?rest_route=\/wp\/v2\/pages\/20\/revisions"}],"predecessor-version":[{"id":559,"href":"https:\/\/www.tresor-style.com\/index.php?rest_route=\/wp\/v2\/pages\/20\/revisions\/559"}],"wp:attachment":[{"href":"https:\/\/www.tresor-style.com\/index.php?rest_route=%2Fwp%2Fv2%2Fmedia&parent=20"}],"curies":[{"name":"wp","href":"https:\/\/api.w.org\/{rel}","templated":true}]}}